{"id":58,"date":"2026-04-12T11:03:37","date_gmt":"2026-04-12T11:03:37","guid":{"rendered":"https:\/\/zawody.eu\/?page_id=58"},"modified":"2026-04-12T12:11:04","modified_gmt":"2026-04-12T12:11:04","slug":"witamy","status":"publish","type":"page","link":"https:\/\/zawody.eu\/","title":{"rendered":"Obs\u0142uga zawod\u00f3w sportowych i wydarze\u0144"},"content":{"rendered":"\n<div class=\"wp-block-buttons alignwide is-content-justification-center is-layout-flex wp-container-core-buttons-is-layout-a89b3969 wp-block-buttons-is-layout-flex\">\n<div class=\"wp-block-button is-style-outline is-style-outline--1\"><a class=\"wp-block-button__link wp-element-button\" href=\"https:\/\/www.sportzona.pl\/app\/events\/view\/wrestling\/7539\">AKTUALNE ZAWODY &#8211; KLIKNIJ, ABY ZOBACZY\u0106 WYNIKI<\/a><\/div>\n<\/div>\n\n\n\n<figure class=\"wp-block-image aligncenter size-large is-resized\"><img loading=\"lazy\" decoding=\"async\" width=\"1024\" height=\"702\" src=\"https:\/\/zawody.eu\/wp-content\/uploads\/2024\/05\/zawody-EU-bez-tla-1024x702.png\" alt=\"\" class=\"wp-image-29\" style=\"aspect-ratio:1.4587018641992109;width:457px;height:auto\" srcset=\"https:\/\/zawody.eu\/wp-content\/uploads\/2024\/05\/zawody-EU-bez-tla-1024x702.png 1024w, https:\/\/zawody.eu\/wp-content\/uploads\/2024\/05\/zawody-EU-bez-tla-300x206.png 300w, https:\/\/zawody.eu\/wp-content\/uploads\/2024\/05\/zawody-EU-bez-tla-768x527.png 768w, https:\/\/zawody.eu\/wp-content\/uploads\/2024\/05\/zawody-EU-bez-tla-1536x1053.png 1536w, https:\/\/zawody.eu\/wp-content\/uploads\/2024\/05\/zawody-EU-bez-tla-2048x1405.png 2048w\" sizes=\"auto, (max-width: 1024px) 100vw, 1024px\" \/><\/figure>\n","protected":false},"excerpt":{"rendered":"","protected":false},"author":1,"featured_media":0,"parent":0,"menu_order":0,"comment_status":"closed","ping_status":"closed","template":"","meta":{"footnotes":""},"class_list":["post-58","page","type-page","status-publish","hentry"],"blocksy_meta":[],"_links":{"self":[{"href":"https:\/\/zawody.eu\/index.php\/wp-json\/wp\/v2\/pages\/58","targetHints":{"allow":["GET"]}}],"collection":[{"href":"https:\/\/zawody.eu\/index.php\/wp-json\/wp\/v2\/pages"}],"about":[{"href":"https:\/\/zawody.eu\/index.php\/wp-json\/wp\/v2\/types\/page"}],"author":[{"embeddable":true,"href":"https:\/\/zawody.eu\/index.php\/wp-json\/wp\/v2\/users\/1"}],"replies":[{"embeddable":true,"href":"https:\/\/zawody.eu\/index.php\/wp-json\/wp\/v2\/comments?post=58"}],"version-history":[{"count":6,"href":"https:\/\/zawody.eu\/index.php\/wp-json\/wp\/v2\/pages\/58\/revisions"}],"predecessor-version":[{"id":76,"href":"https:\/\/zawody.eu\/index.php\/wp-json\/wp\/v2\/pages\/58\/revisions\/76"}],"wp:attachment":[{"href":"https:\/\/zawody.eu\/index.php\/wp-json\/wp\/v2\/media?parent=58"}],"curies":[{"name":"wp","href":"https:\/\/api.w.org\/{rel}","templated":true}]}}