{"id":64,"date":"2026-04-12T11:54:13","date_gmt":"2026-04-12T11:54:13","guid":{"rendered":"https:\/\/zawody.eu\/?page_id=64"},"modified":"2026-04-12T11:55:28","modified_gmt":"2026-04-12T11:55:28","slug":"oferta","status":"publish","type":"page","link":"https:\/\/zawody.eu\/index.php\/oferta\/","title":{"rendered":"Oferta"},"content":{"rendered":"\n<p><strong>Zawody zapa\u015bnicze:<\/strong><br>Pe\u0142en zestaw do obs\u0142ugi 6 mat: laptopy, telewizory, okablowanie<\/p>\n\n\n\n<p><strong>Inne zawody sportowe \/ gale:<\/strong><br>Mo\u017cliwo\u015b\u0107 prowadzenia na \u017cywo spersonalizowanych (w\u0142asna grafika, sponsorzy itp.) transmisji zawod\u00f3w z wykorzystaniem do 5 kamer oraz dodatkowych mikrofon\u00f3w dla spiker\u00f3w itp. <br>Mo\u017cliwo\u015b\u0107 prowadzenia list startowych i zestawie\u0144 (p\u0142ywanie, tenis sto\u0142owy, ziemny)<\/p>\n\n\n\n<p><strong>Dodatkowe us\u0142ugi:<\/strong><br>&#8211; W\u0142asny internet satelitarny (Starlink)<br>&#8211; Nag\u0142o\u015bnienie 1000 wat z 4 bezprzewodowymi mikrofonami<\/p>\n","protected":false},"excerpt":{"rendered":"<p>Zawody zapa\u015bnicze:Pe\u0142en zestaw do obs\u0142ugi 6 mat: laptopy, telewizory, okablowanie Inne zawody sportowe \/ gale:Mo\u017cliwo\u015b\u0107 prowadzenia na \u017cywo spersonalizowanych (w\u0142asna grafika, sponsorzy itp.) transmisji zawod\u00f3w z wykorzystaniem do 5 kamer oraz dodatkowych mikrofon\u00f3w dla spiker\u00f3w itp. Mo\u017cliwo\u015b\u0107 prowadzenia list startowych i zestawie\u0144 (p\u0142ywanie, tenis sto\u0142owy, ziemny) Dodatkowe us\u0142ugi:&#8211; W\u0142asny internet satelitarny (Starlink)&#8211; Nag\u0142o\u015bnienie 1000 wat [&hellip;]<\/p>\n","protected":false},"author":1,"featured_media":0,"parent":0,"menu_order":0,"comment_status":"closed","ping_status":"closed","template":"","meta":{"footnotes":""},"class_list":["post-64","page","type-page","status-publish","hentry"],"blocksy_meta":[],"_links":{"self":[{"href":"https:\/\/zawody.eu\/index.php\/wp-json\/wp\/v2\/pages\/64","targetHints":{"allow":["GET"]}}],"collection":[{"href":"https:\/\/zawody.eu\/index.php\/wp-json\/wp\/v2\/pages"}],"about":[{"href":"https:\/\/zawody.eu\/index.php\/wp-json\/wp\/v2\/types\/page"}],"author":[{"embeddable":true,"href":"https:\/\/zawody.eu\/index.php\/wp-json\/wp\/v2\/users\/1"}],"replies":[{"embeddable":true,"href":"https:\/\/zawody.eu\/index.php\/wp-json\/wp\/v2\/comments?post=64"}],"version-history":[{"count":2,"href":"https:\/\/zawody.eu\/index.php\/wp-json\/wp\/v2\/pages\/64\/revisions"}],"predecessor-version":[{"id":67,"href":"https:\/\/zawody.eu\/index.php\/wp-json\/wp\/v2\/pages\/64\/revisions\/67"}],"wp:attachment":[{"href":"https:\/\/zawody.eu\/index.php\/wp-json\/wp\/v2\/media?parent=64"}],"curies":[{"name":"wp","href":"https:\/\/api.w.org\/{rel}","templated":true}]}}